{"id":1484,"date":"2025-05-05T09:11:19","date_gmt":"2025-05-05T09:11:19","guid":{"rendered":"https:\/\/www.creaminal.com\/contact\/"},"modified":"2025-05-05T09:11:19","modified_gmt":"2025-05-05T09:11:19","slug":"contact","status":"publish","type":"page","link":"https:\/\/www.creaminal.com\/en\/contact\/","title":{"rendered":"Contact"},"content":{"rendered":"\n<div class=\"wpcf7 no-js\" id=\"wpcf7-f1465-o1\" lang=\"fr-FR\" dir=\"ltr\" data-wpcf7-id=\"1465\">\n<div class=\"screen-reader-response\"><p role=\"status\" aria-live=\"polite\" aria-atomic=\"true\"><\/p> <ul><\/ul><\/div>\n<form action=\"\/en\/wp-json\/wp\/v2\/pages\/1484#wpcf7-f1465-o1\" method=\"post\" class=\"wpcf7-form init\" aria-label=\"Formulaire de contact\" novalidate=\"novalidate\" data-status=\"init\">\n<div style=\"display: none;\">\n<input type=\"hidden\" name=\"_wpcf7\" value=\"1465\" \/>\n<input type=\"hidden\" name=\"_wpcf7_version\" value=\"6.0.6\" \/>\n<input type=\"hidden\" name=\"_wpcf7_locale\" value=\"fr_FR\" \/>\n<input type=\"hidden\" name=\"_wpcf7_unit_tag\" value=\"wpcf7-f1465-o1\" \/>\n<input type=\"hidden\" name=\"_wpcf7_container_post\" value=\"0\" \/>\n<input type=\"hidden\" name=\"_wpcf7_posted_data_hash\" value=\"\" \/>\n<input type=\"hidden\" name=\"_wpcf7_recaptcha_response\" value=\"\" \/>\n<\/div>\n<p><span class=\"wpcf7-form-control-wrap\" data-name=\"your-name\"><input size=\"40\" maxlength=\"400\" class=\"wpcf7-form-control wpcf7-text wpcf7-validates-as-required\" autocomplete=\"name\" aria-required=\"true\" aria-invalid=\"false\" placeholder=\"Name\" value=\"\" type=\"text\" name=\"your-name\" \/><\/span><br \/>\n<span class=\"wpcf7-form-control-wrap\" data-name=\"your-email\"><input size=\"40\" maxlength=\"400\" class=\"wpcf7-form-control wpcf7-email wpcf7-validates-as-required wpcf7-text wpcf7-validates-as-email\" autocomplete=\"email\" aria-required=\"true\" aria-invalid=\"false\" placeholder=\"Email\" value=\"\" type=\"email\" name=\"your-email\" \/><\/span>\n<\/p>\n<p><span class=\"wpcf7-form-control-wrap\" data-name=\"your-message\"><textarea cols=\"40\" rows=\"10\" maxlength=\"2000\" class=\"wpcf7-form-control wpcf7-textarea wpcf7-validates-as-required\" aria-required=\"true\" aria-invalid=\"false\" placeholder=\"Message\" name=\"your-message\"><\/textarea><\/span>\n<\/p>\n<p><span class=\"wpcf7-form-control-wrap\" data-name=\"term_and_conditions\"><span class=\"wpcf7-form-control wpcf7-acceptance\"><span class=\"wpcf7-list-item\"><label><input type=\"checkbox\" name=\"term_and_conditions\" value=\"1\" class=\"required\" aria-invalid=\"false\" \/><span class=\"wpcf7-list-item-label\">J'accepte que mes donn\u00e9es personnelles soient trait\u00e9es conform\u00e9ment \u00e0 la <strong><a href=\"\/politique-de-confidentialite\/\" target=\"_blank\">Politique de confidentialit\u00e9*<\/a><\/strong>.<\/span><\/label><\/span><\/span><\/span>\n<\/p>\n<p><input class=\"wpcf7-form-control wpcf7-submit has-spinner\" type=\"submit\" value=\"Envoyer\" \/>\n<\/p><div class=\"wpcf7-response-output\" aria-hidden=\"true\"><\/div>\n<\/form>\n<\/div>\n\n","protected":false},"excerpt":{"rendered":"","protected":false},"author":1,"featured_media":0,"parent":0,"menu_order":0,"comment_status":"closed","ping_status":"closed","template":"","meta":{"_acf_changed":false,"footnotes":""},"class_list":["post-1484","page","type-page","status-publish","hentry"],"acf":[],"yoast_head":"<!-- This site is optimized with the Yoast SEO plugin v27.4 - https:\/\/yoast.com\/product\/yoast-seo-wordpress\/ -->\n<title>Contact - Creaminal<\/title>\n<meta name=\"robots\" content=\"index, follow, max-snippet:-1, max-image-preview:large, max-video-preview:-1\" \/>\n<link rel=\"canonical\" href=\"https:\/\/www.creaminal.com\/en\/contact\/\" \/>\n<meta property=\"og:locale\" content=\"en_US\" \/>\n<meta property=\"og:type\" content=\"article\" \/>\n<meta property=\"og:title\" content=\"Contact - Creaminal\" \/>\n<meta property=\"og:url\" content=\"https:\/\/www.creaminal.com\/en\/contact\/\" \/>\n<meta property=\"og:site_name\" content=\"Creaminal\" \/>\n<meta property=\"article:publisher\" content=\"https:\/\/www.facebook.com\/creaminalparis\" \/>\n<meta name=\"twitter:card\" content=\"summary_large_image\" \/>\n<script type=\"application\/ld+json\" class=\"yoast-schema-graph\">{\"@context\":\"https:\\\/\\\/schema.org\",\"@graph\":[{\"@type\":\"WebPage\",\"@id\":\"https:\\\/\\\/www.creaminal.com\\\/en\\\/contact\\\/\",\"url\":\"https:\\\/\\\/www.creaminal.com\\\/en\\\/contact\\\/\",\"name\":\"Contact - Creaminal\",\"isPartOf\":{\"@id\":\"https:\\\/\\\/www.creaminal.com\\\/#website\"},\"datePublished\":\"2025-05-05T09:11:19+00:00\",\"inLanguage\":\"en-US\",\"potentialAction\":[{\"@type\":\"ReadAction\",\"target\":[\"https:\\\/\\\/www.creaminal.com\\\/en\\\/contact\\\/\"]}]},{\"@type\":\"WebSite\",\"@id\":\"https:\\\/\\\/www.creaminal.com\\\/#website\",\"url\":\"https:\\\/\\\/www.creaminal.com\\\/\",\"name\":\"Creaminal\",\"description\":\"Music supervision creative &amp; legal\",\"publisher\":{\"@id\":\"https:\\\/\\\/www.creaminal.com\\\/#organization\"},\"potentialAction\":[{\"@type\":\"SearchAction\",\"target\":{\"@type\":\"EntryPoint\",\"urlTemplate\":\"https:\\\/\\\/www.creaminal.com\\\/?s={search_term_string}\"},\"query-input\":{\"@type\":\"PropertyValueSpecification\",\"valueRequired\":true,\"valueName\":\"search_term_string\"}}],\"inLanguage\":\"en-US\"},{\"@type\":\"Organization\",\"@id\":\"https:\\\/\\\/www.creaminal.com\\\/#organization\",\"name\":\"Creaminal\",\"url\":\"https:\\\/\\\/www.creaminal.com\\\/\",\"logo\":{\"@type\":\"ImageObject\",\"inLanguage\":\"en-US\",\"@id\":\"https:\\\/\\\/www.creaminal.com\\\/#\\\/schema\\\/logo\\\/image\\\/\",\"url\":\"https:\\\/\\\/www.creaminal.com\\\/wp-content\\\/uploads\\\/creaminal_logo_.jpg\",\"contentUrl\":\"https:\\\/\\\/www.creaminal.com\\\/wp-content\\\/uploads\\\/creaminal_logo_.jpg\",\"width\":400,\"height\":398,\"caption\":\"Creaminal\"},\"image\":{\"@id\":\"https:\\\/\\\/www.creaminal.com\\\/#\\\/schema\\\/logo\\\/image\\\/\"},\"sameAs\":[\"https:\\\/\\\/www.facebook.com\\\/creaminalparis\",\"https:\\\/\\\/www.instagram.com\\\/creaminalparis\\\/\",\"https:\\\/\\\/fr.linkedin.com\\\/company\\\/creaminal-music-supervision-synchronisation-production-\"]}]}<\/script>\n<!-- \/ Yoast SEO plugin. -->","yoast_head_json":{"title":"Contact - Creaminal","robots":{"index":"index","follow":"follow","max-snippet":"max-snippet:-1","max-image-preview":"max-image-preview:large","max-video-preview":"max-video-preview:-1"},"canonical":"https:\/\/www.creaminal.com\/en\/contact\/","og_locale":"en_US","og_type":"article","og_title":"Contact - Creaminal","og_url":"https:\/\/www.creaminal.com\/en\/contact\/","og_site_name":"Creaminal","article_publisher":"https:\/\/www.facebook.com\/creaminalparis","twitter_card":"summary_large_image","schema":{"@context":"https:\/\/schema.org","@graph":[{"@type":"WebPage","@id":"https:\/\/www.creaminal.com\/en\/contact\/","url":"https:\/\/www.creaminal.com\/en\/contact\/","name":"Contact - Creaminal","isPartOf":{"@id":"https:\/\/www.creaminal.com\/#website"},"datePublished":"2025-05-05T09:11:19+00:00","inLanguage":"en-US","potentialAction":[{"@type":"ReadAction","target":["https:\/\/www.creaminal.com\/en\/contact\/"]}]},{"@type":"WebSite","@id":"https:\/\/www.creaminal.com\/#website","url":"https:\/\/www.creaminal.com\/","name":"Creaminal","description":"Music supervision creative &amp; legal","publisher":{"@id":"https:\/\/www.creaminal.com\/#organization"},"potentialAction":[{"@type":"SearchAction","target":{"@type":"EntryPoint","urlTemplate":"https:\/\/www.creaminal.com\/?s={search_term_string}"},"query-input":{"@type":"PropertyValueSpecification","valueRequired":true,"valueName":"search_term_string"}}],"inLanguage":"en-US"},{"@type":"Organization","@id":"https:\/\/www.creaminal.com\/#organization","name":"Creaminal","url":"https:\/\/www.creaminal.com\/","logo":{"@type":"ImageObject","inLanguage":"en-US","@id":"https:\/\/www.creaminal.com\/#\/schema\/logo\/image\/","url":"https:\/\/www.creaminal.com\/wp-content\/uploads\/creaminal_logo_.jpg","contentUrl":"https:\/\/www.creaminal.com\/wp-content\/uploads\/creaminal_logo_.jpg","width":400,"height":398,"caption":"Creaminal"},"image":{"@id":"https:\/\/www.creaminal.com\/#\/schema\/logo\/image\/"},"sameAs":["https:\/\/www.facebook.com\/creaminalparis","https:\/\/www.instagram.com\/creaminalparis\/","https:\/\/fr.linkedin.com\/company\/creaminal-music-supervision-synchronisation-production-"]}]}},"_links":{"self":[{"href":"https:\/\/www.creaminal.com\/en\/wp-json\/wp\/v2\/pages\/1484","targetHints":{"allow":["GET"]}}],"collection":[{"href":"https:\/\/www.creaminal.com\/en\/wp-json\/wp\/v2\/pages"}],"about":[{"href":"https:\/\/www.creaminal.com\/en\/wp-json\/wp\/v2\/types\/page"}],"author":[{"embeddable":true,"href":"https:\/\/www.creaminal.com\/en\/wp-json\/wp\/v2\/users\/1"}],"replies":[{"embeddable":true,"href":"https:\/\/www.creaminal.com\/en\/wp-json\/wp\/v2\/comments?post=1484"}],"version-history":[{"count":0,"href":"https:\/\/www.creaminal.com\/en\/wp-json\/wp\/v2\/pages\/1484\/revisions"}],"wp:attachment":[{"href":"https:\/\/www.creaminal.com\/en\/wp-json\/wp\/v2\/media?parent=1484"}],"curies":[{"name":"wp","href":"https:\/\/api.w.org\/{rel}","templated":true}]}}